{"id":417,"date":"2022-06-14T21:38:07","date_gmt":"2022-06-15T02:38:07","guid":{"rendered":"http:\/\/francisco.sodio.net\/?page_id=417"},"modified":"2023-11-30T14:37:21","modified_gmt":"2023-11-30T20:37:21","slug":"partners","status":"publish","type":"page","link":"https:\/\/tiofranciscocheese.com\/espanol\/partners\/","title":{"rendered":"Socios"},"content":{"rendered":"<h1>NUESTROS SOCIOS<\/h1>\n<p>Estamos orgullosamente afiliados a algunas de las organizaciones de productos l\u00e1cteos m\u00e1s reconocidas y confiables del pa\u00eds.<\/p>\n<p>This is back side content.<\/p>\n<p>ALL OUR MILK comes from dairies that are FARM certified.<\/p>\n<p>This is back side content.<\/p>\n<h2>QUESOS GANADORES<\/h2>\n<p>Gran sabor y calidad<\/p>\n<p><a role=\"button\" href=\"https:\/\/tiofranciscocheese.com\/espanol\/awards\/\"><br \/>\nSaber m\u00e1s<br \/>\n<\/a><\/p>","protected":false},"excerpt":{"rendered":"<p>PARTNERS We are proud to be affiliated with some of the most credible dairy and retail organizations in the country. This is back side content. ALL OUR MILK comes from dairies that are FARM certified. This is back side content. AWARD-WINNING CHEESES Great quality and flavor Know More<\/p>","protected":false},"author":1,"featured_media":0,"parent":0,"menu_order":0,"comment_status":"closed","ping_status":"closed","template":"elementor_theme","meta":{"footnotes":""},"class_list":["post-417","page","type-page","status-publish","hentry"],"yoast_head":"<!-- This site is optimized with the Yoast SEO plugin v21.8 - https:\/\/yoast.com\/wordpress\/plugins\/seo\/ -->\n<title>Partners | T\u00edo Francisco<\/title>\n<meta name=\"description\" content=\"It\u2019s not just us! We are proud to be affiliated with some of the most credible dairy and retail organizations in the country.\" \/>\n<meta name=\"robots\" content=\"index, follow, max-snippet:-1, max-image-preview:large, max-video-preview:-1\" \/>\n<link rel=\"canonical\" href=\"https:\/\/tiofranciscocheese.com\/espanol\/partners\/\" \/>\n<meta property=\"og:locale\" content=\"es_MX\" \/>\n<meta property=\"og:type\" content=\"article\" \/>\n<meta property=\"og:title\" content=\"Partners | T\u00edo Francisco\" \/>\n<meta property=\"og:description\" content=\"It\u2019s not just us! We are proud to be affiliated with some of the most credible dairy and retail organizations in the country.\" \/>\n<meta property=\"og:url\" content=\"https:\/\/tiofranciscocheese.com\/espanol\/partners\/\" \/>\n<meta property=\"og:site_name\" content=\"T\u00edo Francisco\" \/>\n<meta property=\"article:publisher\" content=\"https:\/\/www.facebook.com\/donfranciscocheese\" \/>\n<meta property=\"article:modified_time\" content=\"2023-11-30T20:37:21+00:00\" \/>\n<meta property=\"og:image\" content=\"https:\/\/i0.wp.com\/tiofranciscocheese.com\/wp-content\/uploads\/2022\/09\/tio-francisco.jpg?fit=1195%2C631&ssl=1\" \/>\n\t<meta property=\"og:image:width\" content=\"1195\" \/>\n\t<meta property=\"og:image:height\" content=\"631\" \/>\n\t<meta property=\"og:image:type\" content=\"image\/jpeg\" \/>\n<meta name=\"twitter:card\" content=\"summary_large_image\" \/>\n<meta name=\"twitter:label1\" content=\"Tiempo de lectura\" \/>\n\t<meta name=\"twitter:data1\" content=\"1 minuto\" \/>\n<script type=\"application\/ld+json\" class=\"yoast-schema-graph\">{\"@context\":\"https:\/\/schema.org\",\"@graph\":[{\"@type\":\"WebPage\",\"@id\":\"https:\/\/tiofranciscocheese.com\/partners\/\",\"url\":\"https:\/\/tiofranciscocheese.com\/partners\/\",\"name\":\"Partners | T\u00edo Francisco\",\"isPartOf\":{\"@id\":\"http:\/\/francisco.sodio.net\/#website\"},\"datePublished\":\"2022-06-15T02:38:07+00:00\",\"dateModified\":\"2023-11-30T20:37:21+00:00\",\"description\":\"It\u2019s not just us! We are proud to be affiliated with some of the most credible dairy and retail organizations in the country.\",\"breadcrumb\":{\"@id\":\"https:\/\/tiofranciscocheese.com\/partners\/#breadcrumb\"},\"inLanguage\":\"es\",\"potentialAction\":[{\"@type\":\"ReadAction\",\"target\":[\"https:\/\/tiofranciscocheese.com\/partners\/\"]}]},{\"@type\":\"BreadcrumbList\",\"@id\":\"https:\/\/tiofranciscocheese.com\/partners\/#breadcrumb\",\"itemListElement\":[{\"@type\":\"ListItem\",\"position\":1,\"name\":\"Home\",\"item\":\"https:\/\/tiofranciscocheese.com\/\"},{\"@type\":\"ListItem\",\"position\":2,\"name\":\"Partners\"}]},{\"@type\":\"WebSite\",\"@id\":\"http:\/\/francisco.sodio.net\/#website\",\"url\":\"http:\/\/francisco.sodio.net\/\",\"name\":\"T\u00edo Francisco\",\"description\":\"\",\"publisher\":{\"@id\":\"http:\/\/francisco.sodio.net\/#organization\"},\"potentialAction\":[{\"@type\":\"SearchAction\",\"target\":{\"@type\":\"EntryPoint\",\"urlTemplate\":\"http:\/\/francisco.sodio.net\/?s={search_term_string}\"},\"query-input\":\"required name=search_term_string\"}],\"inLanguage\":\"es\"},{\"@type\":\"Organization\",\"@id\":\"http:\/\/francisco.sodio.net\/#organization\",\"name\":\"T\u00edo Francisco\",\"url\":\"http:\/\/francisco.sodio.net\/\",\"logo\":{\"@type\":\"ImageObject\",\"inLanguage\":\"es\",\"@id\":\"http:\/\/francisco.sodio.net\/#\/schema\/logo\/image\/\",\"url\":\"https:\/\/i0.wp.com\/q26.8d6.myftpupload.com\/wp-content\/uploads\/2022\/11\/tio-francisco-logo3.jpg?fit=1597%2C853&ssl=1\",\"contentUrl\":\"https:\/\/i0.wp.com\/q26.8d6.myftpupload.com\/wp-content\/uploads\/2022\/11\/tio-francisco-logo3.jpg?fit=1597%2C853&ssl=1\",\"width\":1597,\"height\":853,\"caption\":\"T\u00edo Francisco\"},\"image\":{\"@id\":\"http:\/\/francisco.sodio.net\/#\/schema\/logo\/image\/\"},\"sameAs\":[\"https:\/\/www.facebook.com\/donfranciscocheese\",\"https:\/\/www.youtube.com\/channel\/UCAZd_My9qyEuHtQ5DqlT8Cg\/videos\",\"https:\/\/www.instagram.com\/donfranciscocheese\",\"https:\/\/www.pinterest.com.mx\/donfranciscocheese\/\"]}]}<\/script>\n<!-- \/ Yoast SEO plugin. -->","yoast_head_json":{"title":"Partners | T\u00edo Francisco","description":"It\u2019s not just us! We are proud to be affiliated with some of the most credible dairy and retail organizations in the country.","robots":{"index":"index","follow":"follow","max-snippet":"max-snippet:-1","max-image-preview":"max-image-preview:large","max-video-preview":"max-video-preview:-1"},"canonical":"https:\/\/tiofranciscocheese.com\/espanol\/partners\/","og_locale":"es_MX","og_type":"article","og_title":"Partners | T\u00edo Francisco","og_description":"It\u2019s not just us! We are proud to be affiliated with some of the most credible dairy and retail organizations in the country.","og_url":"https:\/\/tiofranciscocheese.com\/espanol\/partners\/","og_site_name":"T\u00edo Francisco","article_publisher":"https:\/\/www.facebook.com\/donfranciscocheese","article_modified_time":"2023-11-30T20:37:21+00:00","og_image":[{"width":1195,"height":631,"url":"https:\/\/i0.wp.com\/tiofranciscocheese.com\/wp-content\/uploads\/2022\/09\/tio-francisco.jpg?fit=1195%2C631&ssl=1","type":"image\/jpeg"}],"twitter_card":"summary_large_image","twitter_misc":{"Tiempo de lectura":"1 minuto"},"schema":{"@context":"https:\/\/schema.org","@graph":[{"@type":"WebPage","@id":"https:\/\/tiofranciscocheese.com\/partners\/","url":"https:\/\/tiofranciscocheese.com\/partners\/","name":"Partners | T\u00edo Francisco","isPartOf":{"@id":"http:\/\/francisco.sodio.net\/#website"},"datePublished":"2022-06-15T02:38:07+00:00","dateModified":"2023-11-30T20:37:21+00:00","description":"It\u2019s not just us! We are proud to be affiliated with some of the most credible dairy and retail organizations in the country.","breadcrumb":{"@id":"https:\/\/tiofranciscocheese.com\/partners\/#breadcrumb"},"inLanguage":"es","potentialAction":[{"@type":"ReadAction","target":["https:\/\/tiofranciscocheese.com\/partners\/"]}]},{"@type":"BreadcrumbList","@id":"https:\/\/tiofranciscocheese.com\/partners\/#breadcrumb","itemListElement":[{"@type":"ListItem","position":1,"name":"Home","item":"https:\/\/tiofranciscocheese.com\/"},{"@type":"ListItem","position":2,"name":"Partners"}]},{"@type":"WebSite","@id":"http:\/\/francisco.sodio.net\/#website","url":"http:\/\/francisco.sodio.net\/","name":"T\u00edo Francisco","description":"","publisher":{"@id":"http:\/\/francisco.sodio.net\/#organization"},"potentialAction":[{"@type":"SearchAction","target":{"@type":"EntryPoint","urlTemplate":"http:\/\/francisco.sodio.net\/?s={search_term_string}"},"query-input":"required name=search_term_string"}],"inLanguage":"es"},{"@type":"Organization","@id":"http:\/\/francisco.sodio.net\/#organization","name":"T\u00edo Francisco","url":"http:\/\/francisco.sodio.net\/","logo":{"@type":"ImageObject","inLanguage":"es","@id":"http:\/\/francisco.sodio.net\/#\/schema\/logo\/image\/","url":"https:\/\/i0.wp.com\/q26.8d6.myftpupload.com\/wp-content\/uploads\/2022\/11\/tio-francisco-logo3.jpg?fit=1597%2C853&ssl=1","contentUrl":"https:\/\/i0.wp.com\/q26.8d6.myftpupload.com\/wp-content\/uploads\/2022\/11\/tio-francisco-logo3.jpg?fit=1597%2C853&ssl=1","width":1597,"height":853,"caption":"T\u00edo Francisco"},"image":{"@id":"http:\/\/francisco.sodio.net\/#\/schema\/logo\/image\/"},"sameAs":["https:\/\/www.facebook.com\/donfranciscocheese","https:\/\/www.youtube.com\/channel\/UCAZd_My9qyEuHtQ5DqlT8Cg\/videos","https:\/\/www.instagram.com\/donfranciscocheese","https:\/\/www.pinterest.com.mx\/donfranciscocheese\/"]}]}},"jetpack_sharing_enabled":true,"_links":{"self":[{"href":"https:\/\/tiofranciscocheese.com\/espanol\/wp-json\/wp\/v2\/pages\/417","targetHints":{"allow":["GET"]}}],"collection":[{"href":"https:\/\/tiofranciscocheese.com\/espanol\/wp-json\/wp\/v2\/pages"}],"about":[{"href":"https:\/\/tiofranciscocheese.com\/espanol\/wp-json\/wp\/v2\/types\/page"}],"author":[{"embeddable":true,"href":"https:\/\/tiofranciscocheese.com\/espanol\/wp-json\/wp\/v2\/users\/1"}],"replies":[{"embeddable":true,"href":"https:\/\/tiofranciscocheese.com\/espanol\/wp-json\/wp\/v2\/comments?post=417"}],"version-history":[{"count":90,"href":"https:\/\/tiofranciscocheese.com\/espanol\/wp-json\/wp\/v2\/pages\/417\/revisions"}],"predecessor-version":[{"id":14487,"href":"https:\/\/tiofranciscocheese.com\/espanol\/wp-json\/wp\/v2\/pages\/417\/revisions\/14487"}],"wp:attachment":[{"href":"https:\/\/tiofranciscocheese.com\/espanol\/wp-json\/wp\/v2\/media?parent=417"}],"curies":[{"name":"wp","href":"https:\/\/api.w.org\/{rel}","templated":true}]}}