{"id":870,"date":"2022-06-20T15:36:39","date_gmt":"2022-06-20T15:36:39","guid":{"rendered":"http:\/\/francisco.sodio.net\/?page_id=870"},"modified":"2022-12-19T12:38:11","modified_gmt":"2022-12-19T18:38:11","slug":"social-responsibility","status":"publish","type":"page","link":"https:\/\/tiofranciscocheese.com\/espanol\/social-responsibility\/","title":{"rendered":"Responsabilidad social"},"content":{"rendered":"<div data-elementor-type=\"wp-page\" data-elementor-id=\"870\" class=\"elementor elementor-870\" data-elementor-post-type=\"page\">\n\t\t\t\t\t\t<section class=\"elementor-section elementor-top-section elementor-element elementor-element-2a165fc1 elementor-section-boxed elementor-section-height-default elementor-section-height-default\" data-id=\"2a165fc1\" data-element_type=\"section\">\n\t\t\t\t\t\t<div class=\"elementor-container elementor-column-gap-default\">\n\t\t\t\t\t<div class=\"elementor-column elementor-col-100 elementor-top-column elementor-element elementor-element-1b7f71fd\" data-id=\"1b7f71fd\" data-element_type=\"column\">\n\t\t\t<div class=\"elementor-widget-wrap elementor-element-populated\">\n\t\t\t\t\t\t<div class=\"elementor-element elementor-element-29571b64 elementor-widget__width-initial elementor-widget elementor-widget-heading\" data-id=\"29571b64\" data-element_type=\"widget\" data-widget_type=\"heading.default\">\n\t\t\t\t<div class=\"elementor-widget-container\">\n\t\t\t\t\t<h1 class=\"elementor-heading-title elementor-size-default\">RESPONSABILIDAD<\/h1>\t\t\t\t<\/div>\n\t\t\t\t<\/div>\n\t\t\t\t<div class=\"elementor-element elementor-element-38b51726 elementor-widget__width-initial elementor-widget elementor-widget-heading\" data-id=\"38b51726\" data-element_type=\"widget\" data-widget_type=\"heading.default\">\n\t\t\t\t<div class=\"elementor-widget-container\">\n\t\t\t\t\t<h1 class=\"elementor-heading-title elementor-size-default\">SOCIAL<\/h1>\t\t\t\t<\/div>\n\t\t\t\t<\/div>\n\t\t\t\t\t<\/div>\n\t\t<\/div>\n\t\t\t\t\t<\/div>\n\t\t<\/section>\n\t\t\t\t<section class=\"elementor-section elementor-top-section elementor-element elementor-element-0156c92 elementor-section-boxed elementor-section-height-default elementor-section-height-default\" data-id=\"0156c92\" data-element_type=\"section\">\n\t\t\t\t\t\t<div class=\"elementor-container elementor-column-gap-default\">\n\t\t\t\t\t<div class=\"elementor-column elementor-col-100 elementor-top-column elementor-element elementor-element-3d00f60\" data-id=\"3d00f60\" data-element_type=\"column\" data-settings=\"{&quot;background_background&quot;:&quot;classic&quot;}\">\n\t\t\t<div class=\"elementor-widget-wrap elementor-element-populated\">\n\t\t\t\t\t\t<section class=\"elementor-section elementor-inner-section elementor-element elementor-element-97c7832 elementor-section-content-middle elementor-section-boxed elementor-section-height-default elementor-section-height-default\" data-id=\"97c7832\" data-element_type=\"section\" data-settings=\"{&quot;background_background&quot;:&quot;classic&quot;}\">\n\t\t\t\t\t\t<div class=\"elementor-container elementor-column-gap-no\">\n\t\t\t\t\t<div class=\"elementor-column elementor-col-50 elementor-inner-column elementor-element elementor-element-e1f753f\" data-id=\"e1f753f\" data-element_type=\"column\">\n\t\t\t<div class=\"elementor-widget-wrap elementor-element-populated\">\n\t\t\t\t\t\t<div class=\"elementor-element elementor-element-f2f5ef3 elementor-widget elementor-widget-heading\" data-id=\"f2f5ef3\" data-element_type=\"widget\" data-widget_type=\"heading.default\">\n\t\t\t\t<div class=\"elementor-widget-container\">\n\t\t\t\t\t<h2 class=\"elementor-heading-title elementor-size-default\">Creando un mundo mejor<\/h2>\t\t\t\t<\/div>\n\t\t\t\t<\/div>\n\t\t\t\t<div class=\"elementor-element elementor-element-117cde5 elementor-widget elementor-widget-text-editor\" data-id=\"117cde5\" data-element_type=\"widget\" data-widget_type=\"text-editor.default\">\n\t\t\t\t<div class=\"elementor-widget-container\">\n\t\t\t\t\t\t\t\t\t<p data-pm-slice=\"1 1 []\">En <span style=\"font-weight: 400;\">Rizo Lopez Foods, Inc.<\/span>nos tomamos muy en serio nuestro papel y responsabilidad en la construcci\u00f3n de un futuro sostenible y la creaci\u00f3n de un mundo mejor para todos. Tenemos la gran oportunidad de garantizar que los productos que producimos y la forma en la que hacemos negocios beneficien a las personas que trabajan con nosotros, a nuestros clientes y al planeta mismo. Desde las oportunidades de empleo y nuestro enfoque en la diversidad, la inclusi\u00f3n y la equidad, hasta la producci\u00f3n de nuestros quesos y cremas, lo hacemos todo con un prop\u00f3sito. Ese es nuestro compromiso con nuestros clientes y  la comunidad.<\/p>\t\t\t\t\t\t\t\t<\/div>\n\t\t\t\t<\/div>\n\t\t\t\t\t<\/div>\n\t\t<\/div>\n\t\t\t\t<div class=\"elementor-column elementor-col-50 elementor-inner-column elementor-element elementor-element-8c6e0b4\" data-id=\"8c6e0b4\" data-element_type=\"column\" data-settings=\"{&quot;background_background&quot;:&quot;classic&quot;}\">\n\t\t\t<div class=\"elementor-widget-wrap elementor-element-populated\">\n\t\t\t\t\t\t<div class=\"elementor-element elementor-element-9f01f9a elementor-widget elementor-widget-spacer\" data-id=\"9f01f9a\" data-element_type=\"widget\" data-widget_type=\"spacer.default\">\n\t\t\t\t<div class=\"elementor-widget-container\">\n\t\t\t\t\t\t\t<div class=\"elementor-spacer\">\n\t\t\t<div class=\"elementor-spacer-inner\"><\/div>\n\t\t<\/div>\n\t\t\t\t\t\t<\/div>\n\t\t\t\t<\/div>\n\t\t\t\t\t<\/div>\n\t\t<\/div>\n\t\t\t\t\t<\/div>\n\t\t<\/section>\n\t\t\t\t<section class=\"elementor-section elementor-inner-section elementor-element elementor-element-81aa70e elementor-section-content-middle elementor-section-boxed elementor-section-height-default elementor-section-height-default\" data-id=\"81aa70e\" data-element_type=\"section\" data-settings=\"{&quot;background_background&quot;:&quot;classic&quot;}\">\n\t\t\t\t\t\t<div class=\"elementor-container elementor-column-gap-no\">\n\t\t\t\t\t<div class=\"elementor-column elementor-col-50 elementor-inner-column elementor-element elementor-element-6af0936\" data-id=\"6af0936\" data-element_type=\"column\" data-settings=\"{&quot;background_background&quot;:&quot;classic&quot;}\">\n\t\t\t<div class=\"elementor-widget-wrap elementor-element-populated\">\n\t\t\t\t\t\t<div class=\"elementor-element elementor-element-bc2de4d elementor-widget elementor-widget-spacer\" data-id=\"bc2de4d\" data-element_type=\"widget\" data-widget_type=\"spacer.default\">\n\t\t\t\t<div class=\"elementor-widget-container\">\n\t\t\t\t\t\t\t<div class=\"elementor-spacer\">\n\t\t\t<div class=\"elementor-spacer-inner\"><\/div>\n\t\t<\/div>\n\t\t\t\t\t\t<\/div>\n\t\t\t\t<\/div>\n\t\t\t\t\t<\/div>\n\t\t<\/div>\n\t\t\t\t<div class=\"elementor-column elementor-col-50 elementor-inner-column elementor-element elementor-element-72f8582\" data-id=\"72f8582\" data-element_type=\"column\" data-settings=\"{&quot;background_background&quot;:&quot;classic&quot;}\">\n\t\t\t<div class=\"elementor-widget-wrap elementor-element-populated\">\n\t\t\t\t\t\t<div class=\"elementor-element elementor-element-5dd813d elementor-widget elementor-widget-heading\" data-id=\"5dd813d\" data-element_type=\"widget\" data-widget_type=\"heading.default\">\n\t\t\t\t<div class=\"elementor-widget-container\">\n\t\t\t\t\t<h2 class=\"elementor-heading-title elementor-size-default\">Operando responsablemente<\/h2>\t\t\t\t<\/div>\n\t\t\t\t<\/div>\n\t\t\t\t<div class=\"elementor-element elementor-element-b6822a1 elementor-widget elementor-widget-text-editor\" data-id=\"b6822a1\" data-element_type=\"widget\" data-widget_type=\"text-editor.default\">\n\t\t\t\t<div class=\"elementor-widget-container\">\n\t\t\t\t\t\t\t\t\t<p>We are committed to operating our business with integrity. Here in California, water remains a major issue because of the drought. Climate change is making it imperative for all of us to do our part to save the planet. We are pleased to announce a new water initiative at Rizo Lopez Foods, Inc.\u00a0called the<b> Cow Water Project, <\/b>un nuevo sistema que ahorrar\u00e1  270,000 galones por mes. Adem\u00e1s, la empresa instal\u00f3 un compresor de aire nuevo y eficiente para ahorrar energ\u00eda. Nuestra promesa es continuar buscando formas nuevas e innovadoras de ayudar a nuestro planeta. Estamos dedicados a trabajar con proveedores y socios que se adhieren a principios comerciales responsables.<\/p>\t\t\t\t\t\t\t\t<\/div>\n\t\t\t\t<\/div>\n\t\t\t\t\t<\/div>\n\t\t<\/div>\n\t\t\t\t\t<\/div>\n\t\t<\/section>\n\t\t\t\t<section class=\"elementor-section elementor-inner-section elementor-element elementor-element-1fa6fd3 elementor-section-content-middle elementor-section-boxed elementor-section-height-default elementor-section-height-default\" data-id=\"1fa6fd3\" data-element_type=\"section\" data-settings=\"{&quot;background_background&quot;:&quot;classic&quot;}\">\n\t\t\t\t\t\t<div class=\"elementor-container elementor-column-gap-no\">\n\t\t\t\t\t<div class=\"elementor-column elementor-col-50 elementor-inner-column elementor-element elementor-element-5cc856f\" data-id=\"5cc856f\" data-element_type=\"column\">\n\t\t\t<div class=\"elementor-widget-wrap elementor-element-populated\">\n\t\t\t\t\t\t<div class=\"elementor-element elementor-element-59f29f2 elementor-widget elementor-widget-heading\" data-id=\"59f29f2\" data-element_type=\"widget\" data-widget_type=\"heading.default\">\n\t\t\t\t<div class=\"elementor-widget-container\">\n\t\t\t\t\t<h2 class=\"elementor-heading-title elementor-size-default\">Invirtiendo en nuestra gente<\/h2>\t\t\t\t<\/div>\n\t\t\t\t<\/div>\n\t\t\t\t<div class=\"elementor-element elementor-element-7e41331 elementor-widget elementor-widget-text-editor\" data-id=\"7e41331\" data-element_type=\"widget\" data-widget_type=\"text-editor.default\">\n\t\t\t\t<div class=\"elementor-widget-container\">\n\t\t\t\t\t\t\t\t\t<p>Nuestro objetivo es fomentar un entorno de trabajo seguro, flexible e inclusivo donde los empleados est\u00e9n empoderados para hacer su mejor trabajo. Queremos que todos los empleados se sientan orgullosos de trabajar en <span style=\"font-weight: 400;\">Rizo Lopez Foods, Inc.<\/span> y que nos ayuden a construir una organizaci\u00f3n que nos ayude a satisfacer los antojos de nuestros clientes con quesos y cremas reci\u00e9n hechos deliciosamente aut\u00e9nticos .<\/p><p>Estas son algunas de las iniciativas para nuestros empleados:<\/p><p><b>The Volt Institute<\/b><\/p><p><span style=\"font-weight: 400;\">Rizo Lopez Foods, Inc. patrocina y brinda ayuda financiera para que los empleados asistan a la escuela de oficios para capacitarse y obtener certificaciones.\u00a0\u00a0<\/span><\/p><p><b>Transferencia de trabajo<\/b><\/p><p><span style=\"font-weight: 400;\">Si un empleado se lesiona en el trabajo, pero a\u00fan puede realizar algunas tareas y quiere seguir siendo \u00fatil, Rizo Lopez Foods le paga su salario y lo transfiere a Habitat for Humanity para que ah\u00ed pueda trabajar ayudando a esta organizaci\u00f3n sin fines de lucro.\u00a0<\/span><\/p><p><b>Pr\u00e1cticas profesionales\u00a0<\/b><\/p><p><span style=\"font-weight: 400;\">Rizo Lopez Foods ofrece pr\u00e1cticas profesionales en varios departamentos para que los estudiantes tengan la oportunidad de crecer y aprender. <\/span><\/p>\t\t\t\t\t\t\t\t<\/div>\n\t\t\t\t<\/div>\n\t\t\t\t\t<\/div>\n\t\t<\/div>\n\t\t\t\t<div class=\"elementor-column elementor-col-50 elementor-inner-column elementor-element elementor-element-f0322a0\" data-id=\"f0322a0\" data-element_type=\"column\" data-settings=\"{&quot;background_background&quot;:&quot;classic&quot;}\">\n\t\t\t<div class=\"elementor-widget-wrap elementor-element-populated\">\n\t\t\t\t\t\t<div class=\"elementor-element elementor-element-847f016 elementor-widget elementor-widget-spacer\" data-id=\"847f016\" data-element_type=\"widget\" data-widget_type=\"spacer.default\">\n\t\t\t\t<div class=\"elementor-widget-container\">\n\t\t\t\t\t\t\t<div class=\"elementor-spacer\">\n\t\t\t<div class=\"elementor-spacer-inner\"><\/div>\n\t\t<\/div>\n\t\t\t\t\t\t<\/div>\n\t\t\t\t<\/div>\n\t\t\t\t\t<\/div>\n\t\t<\/div>\n\t\t\t\t\t<\/div>\n\t\t<\/section>\n\t\t\t\t\t<\/div>\n\t\t<\/div>\n\t\t\t\t\t<\/div>\n\t\t<\/section>\n\t\t\t\t<section class=\"elementor-section elementor-top-section elementor-element elementor-element-711edbc6 elementor-section-content-middle elementor-section-boxed elementor-section-height-default elementor-section-height-default\" data-id=\"711edbc6\" data-element_type=\"section\" data-settings=\"{&quot;background_background&quot;:&quot;classic&quot;}\">\n\t\t\t\t\t\t<div class=\"elementor-container elementor-column-gap-default\">\n\t\t\t\t\t<div class=\"elementor-column elementor-col-50 elementor-top-column elementor-element elementor-element-3ea70ede\" data-id=\"3ea70ede\" data-element_type=\"column\">\n\t\t\t<div class=\"elementor-widget-wrap elementor-element-populated\">\n\t\t\t\t\t\t<div class=\"elementor-element elementor-element-a43bbeb elementor-widget elementor-widget-heading\" data-id=\"a43bbeb\" data-element_type=\"widget\" data-widget_type=\"heading.default\">\n\t\t\t\t<div class=\"elementor-widget-container\">\n\t\t\t\t\t<h2 class=\"elementor-heading-title elementor-size-default\">\u00bfTe gusta lo que ves? <\/h2>\t\t\t\t<\/div>\n\t\t\t\t<\/div>\n\t\t\t\t<div class=\"elementor-element elementor-element-488f2927 elementor-widget elementor-widget-text-editor\" data-id=\"488f2927\" data-element_type=\"widget\" data-widget_type=\"text-editor.default\">\n\t\t\t\t<div class=\"elementor-widget-container\">\n\t\t\t\t\t\t\t\t\t<p>Conoce m\u00e1s de las oportunidades de empleo en Rizo Lopez Foods<\/p>\t\t\t\t\t\t\t\t<\/div>\n\t\t\t\t<\/div>\n\t\t\t\t\t<\/div>\n\t\t<\/div>\n\t\t\t\t<div class=\"elementor-column elementor-col-50 elementor-top-column elementor-element elementor-element-14086ec\" data-id=\"14086ec\" data-element_type=\"column\">\n\t\t\t<div class=\"elementor-widget-wrap elementor-element-populated\">\n\t\t\t\t\t\t<div class=\"elementor-element elementor-element-78478982 elementor-align-center elementor-widget elementor-widget-button\" data-id=\"78478982\" data-element_type=\"widget\" data-widget_type=\"button.default\">\n\t\t\t\t<div class=\"elementor-widget-container\">\n\t\t\t\t\t\t\t\t\t<div class=\"elementor-button-wrapper\">\n\t\t\t\t\t<a class=\"elementor-button elementor-button-link elementor-size-xl elementor-animation-grow\" href=\"https:\/\/tiofranciscocheese.com\/espanol\/careers\/\">\n\t\t\t\t\t\t<span class=\"elementor-button-content-wrapper\">\n\t\t\t\t\t\t\t\t\t<span class=\"elementor-button-text\">\u00danete<\/span>\n\t\t\t\t\t<\/span>\n\t\t\t\t\t<\/a>\n\t\t\t\t<\/div>\n\t\t\t\t\t\t\t\t<\/div>\n\t\t\t\t<\/div>\n\t\t\t\t\t<\/div>\n\t\t<\/div>\n\t\t\t\t\t<\/div>\n\t\t<\/section>\n\t\t\t\t<\/div>","protected":false},"excerpt":{"rendered":"<p>SOCIAL RESPONSIBILITY Creating a Better World At Rizo Lopez Foods, Inc., we take our role and responsibility seriously in building a sustainable future and creating a better world for everyone. We have a huge opportunity to ensure the products we produce and the way we do business benefit the people who work for us, our [&hellip;]<\/p>","protected":false},"author":10,"featured_media":0,"parent":0,"menu_order":0,"comment_status":"closed","ping_status":"closed","template":"","meta":{"footnotes":""},"class_list":["post-870","page","type-page","status-publish","hentry"],"yoast_head":"<!-- This site is optimized with the Yoast SEO plugin v21.8 - https:\/\/yoast.com\/wordpress\/plugins\/seo\/ -->\n<title>Social Responsibility | T\u00edo Francisco<\/title>\n<meta name=\"description\" content=\"We aim to ensure our products and the way we do business benefit the people who work for us, our customers, and the environment.\" \/>\n<meta name=\"robots\" content=\"index, follow, max-snippet:-1, max-image-preview:large, max-video-preview:-1\" \/>\n<link rel=\"canonical\" href=\"https:\/\/tiofranciscocheese.com\/espanol\/social-responsibility\/\" \/>\n<meta property=\"og:locale\" content=\"es_MX\" \/>\n<meta property=\"og:type\" content=\"article\" \/>\n<meta property=\"og:title\" content=\"Social Responsibility | T\u00edo Francisco\" \/>\n<meta property=\"og:description\" content=\"We aim to ensure our products and the way we do business benefit the people who work for us, our customers, and the environment.\" \/>\n<meta property=\"og:url\" content=\"https:\/\/tiofranciscocheese.com\/espanol\/social-responsibility\/\" \/>\n<meta property=\"og:site_name\" content=\"T\u00edo Francisco\" \/>\n<meta property=\"article:publisher\" content=\"https:\/\/www.facebook.com\/donfranciscocheese\" \/>\n<meta property=\"article:modified_time\" content=\"2022-12-19T18:38:11+00:00\" \/>\n<meta property=\"og:image\" content=\"https:\/\/i0.wp.com\/tiofranciscocheese.com\/wp-content\/uploads\/2022\/09\/tio-francisco.jpg?fit=1195%2C631&ssl=1\" \/>\n\t<meta property=\"og:image:width\" content=\"1195\" \/>\n\t<meta property=\"og:image:height\" content=\"631\" \/>\n\t<meta property=\"og:image:type\" content=\"image\/jpeg\" \/>\n<meta name=\"twitter:card\" content=\"summary_large_image\" \/>\n<meta name=\"twitter:label1\" content=\"Tiempo de lectura\" \/>\n\t<meta name=\"twitter:data1\" content=\"2 minutos\" \/>\n<script type=\"application\/ld+json\" class=\"yoast-schema-graph\">{\"@context\":\"https:\/\/schema.org\",\"@graph\":[{\"@type\":\"WebPage\",\"@id\":\"https:\/\/tiofranciscocheese.com\/social-responsibility\/\",\"url\":\"https:\/\/tiofranciscocheese.com\/social-responsibility\/\",\"name\":\"Social Responsibility | T\u00edo Francisco\",\"isPartOf\":{\"@id\":\"http:\/\/francisco.sodio.net\/#website\"},\"datePublished\":\"2022-06-20T15:36:39+00:00\",\"dateModified\":\"2022-12-19T18:38:11+00:00\",\"description\":\"We aim to ensure our products and the way we do business benefit the people who work for us, our customers, and the environment.\",\"breadcrumb\":{\"@id\":\"https:\/\/tiofranciscocheese.com\/social-responsibility\/#breadcrumb\"},\"inLanguage\":\"es\",\"potentialAction\":[{\"@type\":\"ReadAction\",\"target\":[\"https:\/\/tiofranciscocheese.com\/social-responsibility\/\"]}]},{\"@type\":\"BreadcrumbList\",\"@id\":\"https:\/\/tiofranciscocheese.com\/social-responsibility\/#breadcrumb\",\"itemListElement\":[{\"@type\":\"ListItem\",\"position\":1,\"name\":\"Home\",\"item\":\"https:\/\/tiofranciscocheese.com\/\"},{\"@type\":\"ListItem\",\"position\":2,\"name\":\"Social Responsibility\"}]},{\"@type\":\"WebSite\",\"@id\":\"http:\/\/francisco.sodio.net\/#website\",\"url\":\"http:\/\/francisco.sodio.net\/\",\"name\":\"T\u00edo Francisco\",\"description\":\"\",\"publisher\":{\"@id\":\"http:\/\/francisco.sodio.net\/#organization\"},\"potentialAction\":[{\"@type\":\"SearchAction\",\"target\":{\"@type\":\"EntryPoint\",\"urlTemplate\":\"http:\/\/francisco.sodio.net\/?s={search_term_string}\"},\"query-input\":\"required name=search_term_string\"}],\"inLanguage\":\"es\"},{\"@type\":\"Organization\",\"@id\":\"http:\/\/francisco.sodio.net\/#organization\",\"name\":\"T\u00edo Francisco\",\"url\":\"http:\/\/francisco.sodio.net\/\",\"logo\":{\"@type\":\"ImageObject\",\"inLanguage\":\"es\",\"@id\":\"http:\/\/francisco.sodio.net\/#\/schema\/logo\/image\/\",\"url\":\"https:\/\/i0.wp.com\/q26.8d6.myftpupload.com\/wp-content\/uploads\/2022\/11\/tio-francisco-logo3.jpg?fit=1597%2C853&ssl=1\",\"contentUrl\":\"https:\/\/i0.wp.com\/q26.8d6.myftpupload.com\/wp-content\/uploads\/2022\/11\/tio-francisco-logo3.jpg?fit=1597%2C853&ssl=1\",\"width\":1597,\"height\":853,\"caption\":\"T\u00edo Francisco\"},\"image\":{\"@id\":\"http:\/\/francisco.sodio.net\/#\/schema\/logo\/image\/\"},\"sameAs\":[\"https:\/\/www.facebook.com\/donfranciscocheese\",\"https:\/\/www.youtube.com\/channel\/UCAZd_My9qyEuHtQ5DqlT8Cg\/videos\",\"https:\/\/www.instagram.com\/donfranciscocheese\",\"https:\/\/www.pinterest.com.mx\/donfranciscocheese\/\"]}]}<\/script>\n<!-- \/ Yoast SEO plugin. -->","yoast_head_json":{"title":"Social Responsibility | T\u00edo Francisco","description":"We aim to ensure our products and the way we do business benefit the people who work for us, our customers, and the environment.","robots":{"index":"index","follow":"follow","max-snippet":"max-snippet:-1","max-image-preview":"max-image-preview:large","max-video-preview":"max-video-preview:-1"},"canonical":"https:\/\/tiofranciscocheese.com\/espanol\/social-responsibility\/","og_locale":"es_MX","og_type":"article","og_title":"Social Responsibility | T\u00edo Francisco","og_description":"We aim to ensure our products and the way we do business benefit the people who work for us, our customers, and the environment.","og_url":"https:\/\/tiofranciscocheese.com\/espanol\/social-responsibility\/","og_site_name":"T\u00edo Francisco","article_publisher":"https:\/\/www.facebook.com\/donfranciscocheese","article_modified_time":"2022-12-19T18:38:11+00:00","og_image":[{"width":1195,"height":631,"url":"https:\/\/i0.wp.com\/tiofranciscocheese.com\/wp-content\/uploads\/2022\/09\/tio-francisco.jpg?fit=1195%2C631&ssl=1","type":"image\/jpeg"}],"twitter_card":"summary_large_image","twitter_misc":{"Tiempo de lectura":"2 minutos"},"schema":{"@context":"https:\/\/schema.org","@graph":[{"@type":"WebPage","@id":"https:\/\/tiofranciscocheese.com\/social-responsibility\/","url":"https:\/\/tiofranciscocheese.com\/social-responsibility\/","name":"Social Responsibility | T\u00edo Francisco","isPartOf":{"@id":"http:\/\/francisco.sodio.net\/#website"},"datePublished":"2022-06-20T15:36:39+00:00","dateModified":"2022-12-19T18:38:11+00:00","description":"We aim to ensure our products and the way we do business benefit the people who work for us, our customers, and the environment.","breadcrumb":{"@id":"https:\/\/tiofranciscocheese.com\/social-responsibility\/#breadcrumb"},"inLanguage":"es","potentialAction":[{"@type":"ReadAction","target":["https:\/\/tiofranciscocheese.com\/social-responsibility\/"]}]},{"@type":"BreadcrumbList","@id":"https:\/\/tiofranciscocheese.com\/social-responsibility\/#breadcrumb","itemListElement":[{"@type":"ListItem","position":1,"name":"Home","item":"https:\/\/tiofranciscocheese.com\/"},{"@type":"ListItem","position":2,"name":"Social Responsibility"}]},{"@type":"WebSite","@id":"http:\/\/francisco.sodio.net\/#website","url":"http:\/\/francisco.sodio.net\/","name":"T\u00edo Francisco","description":"","publisher":{"@id":"http:\/\/francisco.sodio.net\/#organization"},"potentialAction":[{"@type":"SearchAction","target":{"@type":"EntryPoint","urlTemplate":"http:\/\/francisco.sodio.net\/?s={search_term_string}"},"query-input":"required name=search_term_string"}],"inLanguage":"es"},{"@type":"Organization","@id":"http:\/\/francisco.sodio.net\/#organization","name":"T\u00edo Francisco","url":"http:\/\/francisco.sodio.net\/","logo":{"@type":"ImageObject","inLanguage":"es","@id":"http:\/\/francisco.sodio.net\/#\/schema\/logo\/image\/","url":"https:\/\/i0.wp.com\/q26.8d6.myftpupload.com\/wp-content\/uploads\/2022\/11\/tio-francisco-logo3.jpg?fit=1597%2C853&ssl=1","contentUrl":"https:\/\/i0.wp.com\/q26.8d6.myftpupload.com\/wp-content\/uploads\/2022\/11\/tio-francisco-logo3.jpg?fit=1597%2C853&ssl=1","width":1597,"height":853,"caption":"T\u00edo Francisco"},"image":{"@id":"http:\/\/francisco.sodio.net\/#\/schema\/logo\/image\/"},"sameAs":["https:\/\/www.facebook.com\/donfranciscocheese","https:\/\/www.youtube.com\/channel\/UCAZd_My9qyEuHtQ5DqlT8Cg\/videos","https:\/\/www.instagram.com\/donfranciscocheese","https:\/\/www.pinterest.com.mx\/donfranciscocheese\/"]}]}},"jetpack_sharing_enabled":true,"_links":{"self":[{"href":"https:\/\/tiofranciscocheese.com\/espanol\/wp-json\/wp\/v2\/pages\/870","targetHints":{"allow":["GET"]}}],"collection":[{"href":"https:\/\/tiofranciscocheese.com\/espanol\/wp-json\/wp\/v2\/pages"}],"about":[{"href":"https:\/\/tiofranciscocheese.com\/espanol\/wp-json\/wp\/v2\/types\/page"}],"author":[{"embeddable":true,"href":"https:\/\/tiofranciscocheese.com\/espanol\/wp-json\/wp\/v2\/users\/10"}],"replies":[{"embeddable":true,"href":"https:\/\/tiofranciscocheese.com\/espanol\/wp-json\/wp\/v2\/comments?post=870"}],"version-history":[{"count":173,"href":"https:\/\/tiofranciscocheese.com\/espanol\/wp-json\/wp\/v2\/pages\/870\/revisions"}],"predecessor-version":[{"id":14354,"href":"https:\/\/tiofranciscocheese.com\/espanol\/wp-json\/wp\/v2\/pages\/870\/revisions\/14354"}],"wp:attachment":[{"href":"https:\/\/tiofranciscocheese.com\/espanol\/wp-json\/wp\/v2\/media?parent=870"}],"curies":[{"name":"wp","href":"https:\/\/api.w.org\/{rel}","templated":true}]}}